{"id":1868,"date":"2017-06-06T13:34:18","date_gmt":"2017-06-06T13:34:18","guid":{"rendered":"http:\/\/freguesiadesaopedro-manteigas.pt\/pt\/?page_id=1868"},"modified":"2023-11-07T16:18:55","modified_gmt":"2023-11-07T16:18:55","slug":"diversos","status":"publish","type":"page","link":"https:\/\/freguesiadesaopedro-manteigas.pt\/pt\/diversos\/","title":{"rendered":"Diversos"},"content":{"rendered":"<p><img loading=\"lazy\" decoding=\"async\" class=\"aligncenter wp-image-1922 size-full\" src=\"https:\/\/freguesiadesaopedro-manteigas.pt\/pt\/wp-content\/uploads\/2023\/11\/REACT-EU-Painel_100x150_final_page-0001-scaled.jpg\" alt=\"\" width=\"1707\" height=\"2560\" srcset=\"https:\/\/freguesiadesaopedro-manteigas.pt\/pt\/wp-content\/uploads\/2023\/11\/REACT-EU-Painel_100x150_final_page-0001-scaled.jpg 1707w, https:\/\/freguesiadesaopedro-manteigas.pt\/pt\/wp-content\/uploads\/2023\/11\/REACT-EU-Painel_100x150_final_page-0001-200x300.jpg 200w, https:\/\/freguesiadesaopedro-manteigas.pt\/pt\/wp-content\/uploads\/2023\/11\/REACT-EU-Painel_100x150_final_page-0001-683x1024.jpg 683w, https:\/\/freguesiadesaopedro-manteigas.pt\/pt\/wp-content\/uploads\/2023\/11\/REACT-EU-Painel_100x150_final_page-0001-768x1152.jpg 768w, https:\/\/freguesiadesaopedro-manteigas.pt\/pt\/wp-content\/uploads\/2023\/11\/REACT-EU-Painel_100x150_final_page-0001-1024x1536.jpg 1024w, https:\/\/freguesiadesaopedro-manteigas.pt\/pt\/wp-content\/uploads\/2023\/11\/REACT-EU-Painel_100x150_final_page-0001-1365x2048.jpg 1365w\" sizes=\"auto, (max-width: 1707px) 100vw, 1707px\" \/><\/p>\n<p>O&nbsp;Conselho Directivo dos Baldios da Freguesia de S\u00e3o Pedro de Manteigas, no in\u00edcio de 2022 submeteu uma candidatura&nbsp;ao COMPETE2020,&nbsp;com o objetivo de gest\u00e3o dos combust\u00edveis em 162 ha, como uma forma de promover a Defesa da Floresta Contra Inc\u00eandios. Em 16-09-2022, a candidatura&nbsp;1<strong>2\/REACT-EU\/2021 &#8211; Gest\u00e3o do combust\u00edvel dos territ\u00f3rios submetidos ao Regime Florestal<\/strong>, foi&nbsp;aprovada, no valor de&nbsp;<strong>249 995,10 \u20ac<\/strong>. Entretanto, em agosto de 2022, deflagraram os inc\u00eandios que atingiram a Serra da Estrela, em particular a \u00e1rea candidatada, sendo que dos&nbsp;<strong>162 Ha<\/strong>&nbsp;aprovados, restaram apenas&nbsp;<strong>41,758 Ha<\/strong>. O Conselho Directivo dos Baldios da Freguesia de S\u00e3o Pedro de Manteigas, em parceria\/ cogest\u00e3o com o Instituto da Conserva\u00e7\u00e3o da Natureza e das Florestas (ICNF), decidiram avan\u00e7ar com o projeto, intervencionando apenas nos 41,758 Ha, que n\u00e3o arderam. Esta altera\u00e7\u00e3o de \u00e1rea repercutiu-se no valor do investimento, passando dos&nbsp;<strong>249 995,10 \u20ac&nbsp;<\/strong>iniciais, para os<strong>70 202,78 \u20ac<\/strong>&nbsp;atuais. Os trabalhos encontram-se atualmente em execu\u00e7\u00e3o e dizem respeito a opera\u00e7\u00f5es de sinaliza\u00e7\u00e3o da regenera\u00e7\u00e3o natural, controlo da vegeta\u00e7\u00e3o espont\u00e2nea, desrama\u00e7\u00f5es e elimina\u00e7\u00e3o dos res\u00edduos.&nbsp;O&nbsp;Conselho Directivo dos Baldios da Freguesia de S\u00e3o Pedro de Manteigas pretende, com estas opera\u00e7\u00f5es contribuir para a resili\u00eancia da floresta, a preserva\u00e7\u00e3o da biodiversidade e o ordenamento do territ\u00f3rio.<\/p>\n<p>&nbsp;<img loading=\"lazy\" decoding=\"async\" class=\"size-medium wp-image-1924 alignnone\" src=\"https:\/\/freguesiadesaopedro-manteigas.pt\/pt\/wp-content\/uploads\/2023\/11\/Imagem1.png\" alt=\"\" width=\"208\" height=\"278\"> &nbsp;<img loading=\"lazy\" decoding=\"async\" class=\"size-full wp-image-1923 alignnone\" src=\"https:\/\/freguesiadesaopedro-manteigas.pt\/pt\/wp-content\/uploads\/2023\/11\/Imagem2.png\" alt=\"\" width=\"208\" height=\"278\"><\/p>\n<p><a href=\"https:\/\/freguesiadesaopedro-manteigas.pt\/pt\/wp-content\/uploads\/2023\/04\/Acoes-Relevantes-Janeiro-a-Marco-2023.pdf\">A\u00e7\u00f5es Relevantes de Janeiro a Mar\u00e7o de 2023<\/a><\/p>\n<p>&nbsp;<\/p>\n","protected":false},"excerpt":{"rendered":"<p>O&nbsp;Conselho Directivo dos Baldios da Freguesia de S\u00e3o Pedro de Manteigas, no in\u00edcio de 2022 submeteu uma candidatura&nbsp;ao COMPETE2020,&nbsp;com o objetivo de gest\u00e3o dos combust\u00edveis em 162 ha, como uma&hellip;<\/p>\n","protected":false},"author":4,"featured_media":0,"parent":0,"menu_order":0,"comment_status":"closed","ping_status":"closed","template":"","meta":{"ngg_post_thumbnail":0,"footnotes":""},"class_list":["post-1868","page","type-page","status-publish","hentry"],"_links":{"self":[{"href":"https:\/\/freguesiadesaopedro-manteigas.pt\/pt\/wp-json\/wp\/v2\/pages\/1868","targetHints":{"allow":["GET"]}}],"collection":[{"href":"https:\/\/freguesiadesaopedro-manteigas.pt\/pt\/wp-json\/wp\/v2\/pages"}],"about":[{"href":"https:\/\/freguesiadesaopedro-manteigas.pt\/pt\/wp-json\/wp\/v2\/types\/page"}],"author":[{"embeddable":true,"href":"https:\/\/freguesiadesaopedro-manteigas.pt\/pt\/wp-json\/wp\/v2\/users\/4"}],"replies":[{"embeddable":true,"href":"https:\/\/freguesiadesaopedro-manteigas.pt\/pt\/wp-json\/wp\/v2\/comments?post=1868"}],"version-history":[{"count":6,"href":"https:\/\/freguesiadesaopedro-manteigas.pt\/pt\/wp-json\/wp\/v2\/pages\/1868\/revisions"}],"predecessor-version":[{"id":1925,"href":"https:\/\/freguesiadesaopedro-manteigas.pt\/pt\/wp-json\/wp\/v2\/pages\/1868\/revisions\/1925"}],"wp:attachment":[{"href":"https:\/\/freguesiadesaopedro-manteigas.pt\/pt\/wp-json\/wp\/v2\/media?parent=1868"}],"curies":[{"name":"wp","href":"https:\/\/api.w.org\/{rel}","templated":true}]}}