{"id":24,"date":"2015-11-09T23:25:09","date_gmt":"2015-11-09T23:25:09","guid":{"rendered":"http:\/\/freguesiadesaopedro-manteigas.pt\/pt\/?page_id=24"},"modified":"2025-11-20T15:44:23","modified_gmt":"2025-11-20T15:44:23","slug":"freguesia","status":"publish","type":"page","link":"https:\/\/freguesiadesaopedro-manteigas.pt\/pt\/","title":{"rendered":"Freguesia"},"content":{"rendered":"<p>Em resultado das Elei\u00e7\u00f5es Aut\u00e1rquicas realizadas a 12 de outubro de 2025 e ap\u00f3s a respetiva tomada de posse, ficou o \u00d3rg\u00e3o Executivo da Freguesia de S\u00e3o Pedro \u2013 Manteigas composto do seguinte modo:<\/p>\n<p><a href=\"https:\/\/freguesiadesaopedro-manteigas.pt\/pt\/wp-content\/uploads\/2025\/11\/orgaos2025_h.jpg\"><img loading=\"lazy\" decoding=\"async\" class=\"aligncenter wp-image-2716 size-full\" src=\"https:\/\/freguesiadesaopedro-manteigas.pt\/pt\/wp-content\/uploads\/2025\/11\/orgaos2025_h.jpg\" alt=\"\" width=\"900\" height=\"508\" srcset=\"https:\/\/freguesiadesaopedro-manteigas.pt\/pt\/wp-content\/uploads\/2025\/11\/orgaos2025_h.jpg 900w, https:\/\/freguesiadesaopedro-manteigas.pt\/pt\/wp-content\/uploads\/2025\/11\/orgaos2025_h-300x169.jpg 300w, https:\/\/freguesiadesaopedro-manteigas.pt\/pt\/wp-content\/uploads\/2025\/11\/orgaos2025_h-768x433.jpg 768w, https:\/\/freguesiadesaopedro-manteigas.pt\/pt\/wp-content\/uploads\/2025\/11\/orgaos2025_h-140x79.jpg 140w\" sizes=\"auto, (max-width: 900px) 100vw, 900px\" \/><\/a><\/p>\n<p style=\"text-align: center;\">Presidente<br \/>\nAlbino Saraiva Cardoso<\/p>\n<p style=\"text-align: center;\">Secret\u00e1ria<br \/>\nGina Batista dos Santos<\/p>\n<p style=\"text-align: center;\">Tesoureiro<br \/>\nPaulo Jos\u00e9 Nin\u00e9 Massano<\/p>\n<p style=\"text-align: center;\">Contactos:<br \/>\nPresidente: 966 703 210 (chamada para a rede m\u00f3vel nacional)<br \/>\nSecret\u00e1ria: 969 541 674 (chamada para a rede m\u00f3vel nacional)<br \/>\nTesoureiro: 926 811 919 (chamada para a rede m\u00f3vel nacional)<\/p>\n<p style=\"text-align: center;\">O atendimento ao p\u00fablico \u00e9 feito \u00e0s ter\u00e7as e sextas-feiras, entre as 19.00 e as 20.30 horas<\/p>\n","protected":false},"excerpt":{"rendered":"<p>Em resultado das Elei\u00e7\u00f5es Aut\u00e1rquicas realizadas a 12 de outubro de 2025 e ap\u00f3s a respetiva tomada de posse, ficou o \u00d3rg\u00e3o Executivo da Freguesia de S\u00e3o Pedro \u2013 Manteigas&hellip;<\/p>\n","protected":false},"author":4,"featured_media":0,"parent":0,"menu_order":0,"comment_status":"closed","ping_status":"closed","template":"","meta":{"ngg_post_thumbnail":0,"footnotes":""},"class_list":["post-24","page","type-page","status-publish","hentry"],"_links":{"self":[{"href":"https:\/\/freguesiadesaopedro-manteigas.pt\/pt\/wp-json\/wp\/v2\/pages\/24","targetHints":{"allow":["GET"]}}],"collection":[{"href":"https:\/\/freguesiadesaopedro-manteigas.pt\/pt\/wp-json\/wp\/v2\/pages"}],"about":[{"href":"https:\/\/freguesiadesaopedro-manteigas.pt\/pt\/wp-json\/wp\/v2\/types\/page"}],"author":[{"embeddable":true,"href":"https:\/\/freguesiadesaopedro-manteigas.pt\/pt\/wp-json\/wp\/v2\/users\/4"}],"replies":[{"embeddable":true,"href":"https:\/\/freguesiadesaopedro-manteigas.pt\/pt\/wp-json\/wp\/v2\/comments?post=24"}],"version-history":[{"count":12,"href":"https:\/\/freguesiadesaopedro-manteigas.pt\/pt\/wp-json\/wp\/v2\/pages\/24\/revisions"}],"predecessor-version":[{"id":2722,"href":"https:\/\/freguesiadesaopedro-manteigas.pt\/pt\/wp-json\/wp\/v2\/pages\/24\/revisions\/2722"}],"wp:attachment":[{"href":"https:\/\/freguesiadesaopedro-manteigas.pt\/pt\/wp-json\/wp\/v2\/media?parent=24"}],"curies":[{"name":"wp","href":"https:\/\/api.w.org\/{rel}","templated":true}]}}