{"id":61,"date":"2015-12-21T21:54:48","date_gmt":"2015-12-21T21:54:48","guid":{"rendered":"http:\/\/freguesiadesaopedro-manteigas.pt\/pt\/?page_id=61"},"modified":"2018-06-02T16:34:19","modified_gmt":"2018-06-02T16:34:19","slug":"descricao-heraldica","status":"publish","type":"page","link":"https:\/\/freguesiadesaopedro-manteigas.pt\/pt\/descricao-heraldica\/","title":{"rendered":"Descri\u00e7\u00e3o her\u00e1ldica"},"content":{"rendered":"<p><img loading=\"lazy\" decoding=\"async\" width=\"191\" height=\"200\" class=\"alignright size-full wp-image-867\" style=\"background-color: transparent; color: #444444; display: block; float: right; font-family: Georgia,&amp;quot; bitstream charter&amp;quot;,serif; font-size: 16px; font-style: normal; font-variant: normal; font-weight: 400; height: 200px; letter-spacing: normal; line-height: 24px; max-width: 640px; orphans: 2; outline-color: #72777c; outline-style: solid; outline-width: 1px; text-align: left; text-decoration: none; text-indent: 0px; text-transform: none; -webkit-text-stroke-width: 0px; white-space: normal; word-spacing: 0px; margin: 4px 0px 12px 24px;\" alt=\"\" src=\"https:\/\/freguesiadesaopedro-manteigas.pt\/pt\/wp-content\/uploads\/2018\/06\/brasao_s_pedro.png\">A organiza\u00e7\u00e3o das Armas da Freguesia de Manteigas \u2013 S\u00e3o Pedro obedece \u00e0 seguinte ordena\u00e7\u00e3o: Escudo de azul, monte de tr\u00eas c\u00f4moros de ouro, movente de contrachefe ondeado de azul e prata\u037e em chefe, duas chaves, uma de ouro outra de prata, passadas em aspa, entre uma estrela de prata de cinco pontas, \u00e0 dextra e uma roda de azenha de ouro, \u00e0 sinistra. Coroa mural de prata de quatro torres. Listel branco com a legenda a negro: \u201cManteigas \u2013 S. Pedro\u201d. Bandeira amarela. Cord\u00e3o e borlas de ouro e azul. Haste e lan\u00e7a de ouro.<\/p>\n<p>Escudo de azul, monte de tr\u00eas c\u00f4moros (eleva\u00e7\u00f5es) de ouro a simbolizar a Serra da Estrela. Em contrachefe (parte inferior do escudo) ondeado de azul e prata, em representa\u00e7\u00e3o do Rio Z\u00eazere e em chefe (partes uperior do escudo) duas chaves, passadas em aspa (com a forma de X) uma de ouro e outra de prata, simbolizando o orago S\u00e3o Pedro e entre uma estrela de prata de cinco pontas (complemento da representa\u00e7\u00e3o da Serra da Estrela) \u00e0 dextra (\u00e0 direita) e uma roda de azenha de ouro simbolizando a riqueza produzida pela ind\u00fastria local, \u00e0 sinistra (\u00e0 esquerda).<\/p>\n","protected":false},"excerpt":{"rendered":"<p>A organiza\u00e7\u00e3o das Armas da Freguesia de Manteigas \u2013 S\u00e3o Pedro obedece \u00e0 seguinte ordena\u00e7\u00e3o: Escudo de azul, monte de tr\u00eas c\u00f4moros de ouro, movente de contrachefe ondeado de azul&hellip;<\/p>\n","protected":false},"author":4,"featured_media":0,"parent":0,"menu_order":0,"comment_status":"closed","ping_status":"closed","template":"","meta":{"ngg_post_thumbnail":0,"footnotes":""},"class_list":["post-61","page","type-page","status-publish","hentry"],"_links":{"self":[{"href":"https:\/\/freguesiadesaopedro-manteigas.pt\/pt\/wp-json\/wp\/v2\/pages\/61","targetHints":{"allow":["GET"]}}],"collection":[{"href":"https:\/\/freguesiadesaopedro-manteigas.pt\/pt\/wp-json\/wp\/v2\/pages"}],"about":[{"href":"https:\/\/freguesiadesaopedro-manteigas.pt\/pt\/wp-json\/wp\/v2\/types\/page"}],"author":[{"embeddable":true,"href":"https:\/\/freguesiadesaopedro-manteigas.pt\/pt\/wp-json\/wp\/v2\/users\/4"}],"replies":[{"embeddable":true,"href":"https:\/\/freguesiadesaopedro-manteigas.pt\/pt\/wp-json\/wp\/v2\/comments?post=61"}],"version-history":[{"count":11,"href":"https:\/\/freguesiadesaopedro-manteigas.pt\/pt\/wp-json\/wp\/v2\/pages\/61\/revisions"}],"predecessor-version":[{"id":874,"href":"https:\/\/freguesiadesaopedro-manteigas.pt\/pt\/wp-json\/wp\/v2\/pages\/61\/revisions\/874"}],"wp:attachment":[{"href":"https:\/\/freguesiadesaopedro-manteigas.pt\/pt\/wp-json\/wp\/v2\/media?parent=61"}],"curies":[{"name":"wp","href":"https:\/\/api.w.org\/{rel}","templated":true}]}}