{"id":650,"date":"2017-11-03T12:36:04","date_gmt":"2017-11-03T12:36:04","guid":{"rendered":"http:\/\/freguesiadesaopedro-manteigas.pt\/pt\/?page_id=650"},"modified":"2017-11-03T12:43:05","modified_gmt":"2017-11-03T12:43:05","slug":"actas","status":"publish","type":"page","link":"https:\/\/freguesiadesaopedro-manteigas.pt\/pt\/actas\/","title":{"rendered":"Actas"},"content":{"rendered":"<p>Nesta p\u00e1gina, poder\u00e1 aceder \u00e0s <a href=\"https:\/\/freguesiadesaopedro-manteigas.pt\/pt\/actas-1\/\">Actas do Executivo <\/a>ou \u00e0s <a href=\"https:\/\/freguesiadesaopedro-manteigas.pt\/pt\/actas-2\/\">Actas da Assembleia<\/a>.<\/p>\n","protected":false},"excerpt":{"rendered":"<p>Nesta p\u00e1gina, poder\u00e1 aceder \u00e0s Actas do Executivo ou \u00e0s Actas da Assembleia.<\/p>\n","protected":false},"author":4,"featured_media":0,"parent":0,"menu_order":0,"comment_status":"closed","ping_status":"closed","template":"","meta":{"ngg_post_thumbnail":0,"footnotes":""},"class_list":["post-650","page","type-page","status-publish","hentry"],"_links":{"self":[{"href":"https:\/\/freguesiadesaopedro-manteigas.pt\/pt\/wp-json\/wp\/v2\/pages\/650","targetHints":{"allow":["GET"]}}],"collection":[{"href":"https:\/\/freguesiadesaopedro-manteigas.pt\/pt\/wp-json\/wp\/v2\/pages"}],"about":[{"href":"https:\/\/freguesiadesaopedro-manteigas.pt\/pt\/wp-json\/wp\/v2\/types\/page"}],"author":[{"embeddable":true,"href":"https:\/\/freguesiadesaopedro-manteigas.pt\/pt\/wp-json\/wp\/v2\/users\/4"}],"replies":[{"embeddable":true,"href":"https:\/\/freguesiadesaopedro-manteigas.pt\/pt\/wp-json\/wp\/v2\/comments?post=650"}],"version-history":[{"count":4,"href":"https:\/\/freguesiadesaopedro-manteigas.pt\/pt\/wp-json\/wp\/v2\/pages\/650\/revisions"}],"predecessor-version":[{"id":658,"href":"https:\/\/freguesiadesaopedro-manteigas.pt\/pt\/wp-json\/wp\/v2\/pages\/650\/revisions\/658"}],"wp:attachment":[{"href":"https:\/\/freguesiadesaopedro-manteigas.pt\/pt\/wp-json\/wp\/v2\/media?parent=650"}],"curies":[{"name":"wp","href":"https:\/\/api.w.org\/{rel}","templated":true}]}}